{"id":321,"date":"2018-01-29T17:07:58","date_gmt":"2018-01-29T16:07:58","guid":{"rendered":"http:\/\/www.spaopenpitlane.com?page_id=321"},"modified":"2021-03-12T14:12:14","modified_gmt":"2021-03-12T13:12:14","slug":"track-day","status":"publish","type":"page","link":"https:\/\/www.spaopenpitlane.com\/en\/track-day\/","title":{"rendered":"S\u00e9curit\u00e9 Piste"},"content":{"rendered":"<div id=\"pl-321\"  class=\"panel-layout\" >\n<div id=\"pg-321-0\"  class=\"panel-grid panel-no-style\"  data-style=\"{&quot;cell_alignment&quot;:&quot;flex-start&quot;,&quot;vertical_gutter&quot;:&quot;default&quot;,&quot;background_image&quot;:false,&quot;background_image_position&quot;:&quot;center top&quot;,&quot;background_image_style&quot;:&quot;cover&quot;,&quot;row_separator&quot;:&quot;none&quot;}\"  data-ratio=\"1\"  data-ratio-direction=\"right\" >\n<div id=\"pgc-321-0-0\"  class=\"panel-grid-cell\"  data-weight=\"1\" >\n<div id=\"panel-321-0-0-0\" class=\"so-panel widget widget_sow-editor panel-first-child panel-last-child\" data-index=\"0\" data-style=\"{&quot;background_image_attachment&quot;:false,&quot;background_display&quot;:&quot;tile&quot;,&quot;kt_animation_duration&quot;:&quot;default&quot;,&quot;kt_animation_delay&quot;:&quot;default&quot;}\" >\n<div class=\"so-widget-sow-editor so-widget-sow-editor-base\">\n<div class=\"siteorigin-widget-tinymce textwidget\">\n<pre><a href=\"http:\/\/www.spaopenpitlane.com\/wp-content\/uploads\/2021\/03\/Track_Safety_InstructionsV2.pdf\" target=\"_blank\" rel=\"noopener\">T\u00e9l\u00e9charger les Instructions S\u00e9curit\u00e9 Piste (7 pages)<\/a><\/pre>\n<p>Incluant : les drapeaux &#8211; pit entry &amp; pit exit &#8211; plan de la piste<\/p>\n<\/div>\n<\/div>\n<\/div>\n<\/div>\n<\/div>\n<div id=\"pg-321-1\"  class=\"panel-grid panel-no-style\"  data-style=\"{&quot;cell_alignment&quot;:&quot;flex-start&quot;,&quot;vertical_gutter&quot;:&quot;default&quot;,&quot;background_image&quot;:false,&quot;background_image_position&quot;:&quot;center top&quot;,&quot;background_image_style&quot;:&quot;cover&quot;,&quot;row_separator&quot;:&quot;none&quot;}\"  data-ratio=\"1\"  data-ratio-direction=\"right\" >\n<div id=\"pgc-321-1-0\"  class=\"panel-grid-cell\"  data-weight=\"0.8\" >\n<div id=\"panel-321-1-0-0\" class=\"so-panel widget widget_sow-editor panel-first-child panel-last-child\" data-index=\"1\" data-style=\"{&quot;background_image_attachment&quot;:false,&quot;background_display&quot;:&quot;tile&quot;,&quot;kt_animation_duration&quot;:&quot;default&quot;,&quot;kt_animation_delay&quot;:&quot;default&quot;}\" >\n<div class=\"so-widget-sow-editor so-widget-sow-editor-base\">\n<div class=\"siteorigin-widget-tinymce textwidget\">\n<h4>En r\u00e9sum\u00e9 :<\/h4>\n<ul>\n<li>Pour monter sur la piste, chaque pilote devra porter un casque. Bras et jambes doivent \u00eatre couverts.<\/li>\n<li>Un participant qui tomberait en panne sur le circuit doit attendre derri\u00e8re le rail de s\u00e9curit\u00e9 l&#8217;intervention du v\u00e9hicule de s\u00e9curit\u00e9.<\/li>\n<li>Chaque voiture doit avoir un anneau de remorquage.<\/li>\n<li>Il est strictement interdit de circuler sur le circuit en sens inverse ou m\u00eame d&#8217;effectuer une marche arri\u00e8re.<\/li>\n<\/ul>\n<\/div>\n<\/div>\n<\/div>\n<\/div>\n<div id=\"pgc-321-1-1\"  class=\"panel-grid-cell\"  data-weight=\"0.2\" >\n<div id=\"panel-321-1-1-0\" class=\"so-panel widget widget_sow-image panel-first-child panel-last-child\" data-index=\"2\" data-style=\"{&quot;background_image_attachment&quot;:false,&quot;background_display&quot;:&quot;tile&quot;,&quot;kt_animation_duration&quot;:&quot;default&quot;,&quot;kt_animation_delay&quot;:&quot;default&quot;}\" >[siteorigin_widget class=&#8221;SiteOrigin_Widget_Image_Widget&#8221;]<input type=\"hidden\" value=\"{&quot;instance&quot;:{&quot;image&quot;:1235,&quot;image_fallback&quot;:&quot;&quot;,&quot;size&quot;:&quot;full&quot;,&quot;align&quot;:&quot;default&quot;,&quot;title_align&quot;:&quot;default&quot;,&quot;title&quot;:&quot;&quot;,&quot;title_position&quot;:&quot;hidden&quot;,&quot;alt&quot;:&quot;&quot;,&quot;url&quot;:&quot;http:\\\/\\\/www.spaopenpitlane.com\\\/wp-content\\\/uploads\\\/2021\\\/03\\\/Track_Safety_InstructionsV2.pdf&quot;,&quot;new_window&quot;:true,&quot;_sow_form_id&quot;:&quot;19621968425e1c2516c0780159128196&quot;,&quot;_sow_form_timestamp&quot;:&quot;1615554689622&quot;,&quot;bound&quot;:false,&quot;full_width&quot;:false,&quot;so_sidebar_emulator_id&quot;:&quot;sow-image-32110002&quot;,&quot;option_name&quot;:&quot;widget_sow-image&quot;},&quot;args&quot;:{&quot;before_widget&quot;:&quot;&lt;div id=\\&quot;panel-321-1-1-0\\&quot; class=\\&quot;so-panel widget widget_sow-image panel-first-child panel-last-child\\&quot; data-index=\\&quot;2\\&quot; data-style=\\&quot;{&amp;quot;background_image_attachment&amp;quot;:false,&amp;quot;background_display&amp;quot;:&amp;quot;tile&amp;quot;,&amp;quot;kt_animation_duration&amp;quot;:&amp;quot;default&amp;quot;,&amp;quot;kt_animation_delay&amp;quot;:&amp;quot;default&amp;quot;}\\&quot; &gt;&quot;,&quot;after_widget&quot;:&quot;&lt;\\\/div&gt;&quot;,&quot;before_title&quot;:&quot;&lt;h3 class=\\&quot;widget-title\\&quot;&gt;&quot;,&quot;after_title&quot;:&quot;&lt;\\\/h3&gt;&quot;,&quot;widget_id&quot;:&quot;widget-1-1-0&quot;}}\" \/>[\/siteorigin_widget]<\/div>\n<\/div>\n<\/div>\n<div id=\"pg-321-2\"  class=\"panel-grid panel-no-style\"  data-style=\"{&quot;cell_alignment&quot;:&quot;flex-start&quot;,&quot;vertical_gutter&quot;:&quot;default&quot;,&quot;background_image&quot;:false,&quot;background_image_position&quot;:&quot;center top&quot;,&quot;background_image_style&quot;:&quot;cover&quot;,&quot;row_separator&quot;:&quot;none&quot;}\"  data-ratio=\"1\"  data-ratio-direction=\"right\" >\n<div id=\"pgc-321-2-0\"  class=\"panel-grid-cell\"  data-weight=\"1\" >\n<div id=\"panel-321-2-0-0\" class=\"so-panel widget widget_sow-editor panel-first-child panel-last-child\" data-index=\"3\" data-style=\"{&quot;background_image_attachment&quot;:false,&quot;background_display&quot;:&quot;tile&quot;,&quot;kt_animation_duration&quot;:&quot;default&quot;,&quot;kt_animation_delay&quot;:&quot;default&quot;}\" >\n<div class=\"so-widget-sow-editor so-widget-sow-editor-base\">\n<div class=\"siteorigin-widget-tinymce textwidget\">\n<hr \/>\n<\/div>\n<\/div>\n<\/div>\n<\/div>\n<\/div>\n<div id=\"pg-321-3\"  class=\"panel-grid panel-no-style\"  data-style=\"{&quot;cell_alignment&quot;:&quot;flex-start&quot;,&quot;vertical_gutter&quot;:&quot;default&quot;,&quot;background_image&quot;:false,&quot;background_image_position&quot;:&quot;center top&quot;,&quot;background_image_style&quot;:&quot;cover&quot;,&quot;row_separator&quot;:&quot;none&quot;}\" >\n<div id=\"pgc-321-3-0\"  class=\"panel-grid-cell\"  data-weight=\"0.82\" >\n<div id=\"panel-321-3-0-0\" class=\"so-panel widget widget_sow-editor panel-first-child panel-last-child\" data-index=\"4\" data-style=\"{&quot;background_image_attachment&quot;:false,&quot;background_display&quot;:&quot;tile&quot;,&quot;kt_animation_duration&quot;:&quot;default&quot;,&quot;kt_animation_delay&quot;:&quot;default&quot;}\" >\n<div class=\"so-widget-sow-editor so-widget-sow-editor-base\">\n<div class=\"siteorigin-widget-tinymce textwidget\">\n<h5 style=\"text-align: right;\"><em>In partnership with<\/em><\/h5>\n<\/div>\n<\/div>\n<\/div>\n<\/div>\n<div id=\"pgc-321-3-1\"  class=\"panel-grid-cell\"  data-weight=\"0.18\" >\n<div id=\"panel-321-3-1-0\" class=\"so-panel widget widget_sow-image panel-first-child panel-last-child\" data-index=\"5\" data-style=\"{&quot;background_image_attachment&quot;:false,&quot;background_display&quot;:&quot;tile&quot;,&quot;kt_animation_duration&quot;:&quot;default&quot;,&quot;kt_animation_delay&quot;:&quot;default&quot;}\" >[siteorigin_widget class=&#8221;SiteOrigin_Widget_Image_Widget&#8221;]<input type=\"hidden\" value=\"{&quot;instance&quot;:{&quot;image&quot;:779,&quot;image_fallback&quot;:&quot;&quot;,&quot;size&quot;:&quot;full&quot;,&quot;align&quot;:&quot;right&quot;,&quot;title_align&quot;:&quot;default&quot;,&quot;title&quot;:&quot;&quot;,&quot;title_position&quot;:&quot;hidden&quot;,&quot;alt&quot;:&quot;&quot;,&quot;url&quot;:&quot;http:\\\/\\\/www.spa-francorchamps.be&quot;,&quot;new_window&quot;:true,&quot;_sow_form_id&quot;:&quot;248702455c5ae1e8286f1059826735&quot;,&quot;_sow_form_timestamp&quot;:&quot;1578585428508&quot;,&quot;bound&quot;:false,&quot;full_width&quot;:false,&quot;so_sidebar_emulator_id&quot;:&quot;sow-image-32110005&quot;,&quot;option_name&quot;:&quot;widget_sow-image&quot;},&quot;args&quot;:{&quot;before_widget&quot;:&quot;&lt;div id=\\&quot;panel-321-3-1-0\\&quot; class=\\&quot;so-panel widget widget_sow-image panel-first-child panel-last-child\\&quot; data-index=\\&quot;5\\&quot; data-style=\\&quot;{&amp;quot;background_image_attachment&amp;quot;:false,&amp;quot;background_display&amp;quot;:&amp;quot;tile&amp;quot;,&amp;quot;kt_animation_duration&amp;quot;:&amp;quot;default&amp;quot;,&amp;quot;kt_animation_delay&amp;quot;:&amp;quot;default&amp;quot;}\\&quot; &gt;&quot;,&quot;after_widget&quot;:&quot;&lt;\\\/div&gt;&quot;,&quot;before_title&quot;:&quot;&lt;h3 class=\\&quot;widget-title\\&quot;&gt;&quot;,&quot;after_title&quot;:&quot;&lt;\\\/h3&gt;&quot;,&quot;widget_id&quot;:&quot;widget-3-1-0&quot;}}\" \/>[\/siteorigin_widget]<\/div>\n<\/div>\n<\/div>\n<div id=\"pg-321-4\"  class=\"panel-grid panel-no-style\"  data-style=\"{&quot;cell_alignment&quot;:&quot;flex-start&quot;,&quot;vertical_gutter&quot;:&quot;default&quot;,&quot;background_image&quot;:false,&quot;background_image_position&quot;:&quot;center top&quot;,&quot;background_image_style&quot;:&quot;cover&quot;,&quot;row_separator&quot;:&quot;none&quot;}\"  data-ratio=\"1\"  data-ratio-direction=\"right\" >\n<div id=\"pgc-321-4-0\"  class=\"panel-grid-cell\"  data-weight=\"1\" >\n<div id=\"panel-321-4-0-0\" class=\"so-panel widget widget_sow-editor panel-first-child panel-last-child\" data-index=\"6\" data-style=\"{&quot;background_image_attachment&quot;:false,&quot;background_display&quot;:&quot;tile&quot;,&quot;kt_animation_duration&quot;:&quot;default&quot;,&quot;kt_animation_delay&quot;:&quot;default&quot;}\" >\n<div class=\"so-widget-sow-editor so-widget-sow-editor-base\">\n<div class=\"siteorigin-widget-tinymce textwidget\">\n<hr \/>\n<\/div>\n<\/div>\n<\/div>\n<\/div>\n<\/div>\n<\/div>\n","protected":false},"excerpt":{"rendered":"<p>T\u00e9l\u00e9charger les Instructions S\u00e9curit\u00e9 Piste (7 pages) Incluant : les drapeaux &#8211; pit entry &amp; pit exit &#8211; plan de la piste En r\u00e9sum\u00e9 : Pour monter sur la piste, chaque pilote devra porter un casque. Bras et jambes doivent \u00eatre couverts. Un participant qui tomberait en panne sur le circuit doit attendre derri\u00e8re le [&hellip;]<\/p>\n","protected":false},"author":1,"featured_media":0,"parent":0,"menu_order":0,"comment_status":"closed","ping_status":"closed","template":"page-fullwidth.php","meta":{"footnotes":""},"class_list":["post-321","page","type-page","status-publish","hentry"],"yoast_head":"<!-- This site is optimized with the Yoast SEO plugin v26.8 - https:\/\/yoast.com\/product\/yoast-seo-wordpress\/ -->\n<title>S\u00e9curit\u00e9 Piste - Spa Open Pitlane<\/title>\n<meta name=\"robots\" content=\"index, follow, max-snippet:-1, max-image-preview:large, max-video-preview:-1\" \/>\n<link rel=\"canonical\" href=\"https:\/\/www.spaopenpitlane.com\/en\/track-day\/\" \/>\n<meta property=\"og:locale\" content=\"en_US\" \/>\n<meta property=\"og:type\" content=\"article\" \/>\n<meta property=\"og:title\" content=\"S\u00e9curit\u00e9 Piste - Spa Open Pitlane\" \/>\n<meta property=\"og:description\" content=\"T\u00e9l\u00e9charger les Instructions S\u00e9curit\u00e9 Piste (7 pages) Incluant : les drapeaux &#8211; pit entry &amp; pit exit &#8211; plan de la piste En r\u00e9sum\u00e9 : Pour monter sur la piste, chaque pilote devra porter un casque. Bras et jambes doivent \u00eatre couverts. Un participant qui tomberait en panne sur le circuit doit attendre derri\u00e8re le [&hellip;]\" \/>\n<meta property=\"og:url\" content=\"https:\/\/www.spaopenpitlane.com\/en\/track-day\/\" \/>\n<meta property=\"og:site_name\" content=\"Spa Open Pitlane\" \/>\n<meta property=\"article:modified_time\" content=\"2021-03-12T13:12:14+00:00\" \/>\n<meta name=\"twitter:card\" content=\"summary_large_image\" \/>\n<meta name=\"twitter:label1\" content=\"Est. reading time\" \/>\n\t<meta name=\"twitter:data1\" content=\"1 minute\" \/>\n<script type=\"application\/ld+json\" class=\"yoast-schema-graph\">{\"@context\":\"https:\/\/schema.org\",\"@graph\":[{\"@type\":\"WebPage\",\"@id\":\"https:\/\/www.spaopenpitlane.com\/fr\/track-day\/\",\"url\":\"https:\/\/www.spaopenpitlane.com\/fr\/track-day\/\",\"name\":\"S\u00e9curit\u00e9 Piste - Spa Open Pitlane\",\"isPartOf\":{\"@id\":\"https:\/\/www.spaopenpitlane.com\/#website\"},\"datePublished\":\"2018-01-29T16:07:58+00:00\",\"dateModified\":\"2021-03-12T13:12:14+00:00\",\"breadcrumb\":{\"@id\":\"https:\/\/www.spaopenpitlane.com\/fr\/track-day\/#breadcrumb\"},\"inLanguage\":\"en-US\",\"potentialAction\":[{\"@type\":\"ReadAction\",\"target\":[\"https:\/\/www.spaopenpitlane.com\/fr\/track-day\/\"]}]},{\"@type\":\"BreadcrumbList\",\"@id\":\"https:\/\/www.spaopenpitlane.com\/fr\/track-day\/#breadcrumb\",\"itemListElement\":[{\"@type\":\"ListItem\",\"position\":1,\"name\":\"Home\",\"item\":\"https:\/\/www.spaopenpitlane.com\/\"},{\"@type\":\"ListItem\",\"position\":2,\"name\":\"S\u00e9curit\u00e9 Piste\"}]},{\"@type\":\"WebSite\",\"@id\":\"https:\/\/www.spaopenpitlane.com\/#website\",\"url\":\"https:\/\/www.spaopenpitlane.com\/\",\"name\":\"Spa Open Pitlane\",\"description\":\"The Track is Yours\",\"potentialAction\":[{\"@type\":\"SearchAction\",\"target\":{\"@type\":\"EntryPoint\",\"urlTemplate\":\"https:\/\/www.spaopenpitlane.com\/?s={search_term_string}\"},\"query-input\":{\"@type\":\"PropertyValueSpecification\",\"valueRequired\":true,\"valueName\":\"search_term_string\"}}],\"inLanguage\":\"en-US\"}]}<\/script>\n<!-- \/ Yoast SEO plugin. -->","yoast_head_json":{"title":"S\u00e9curit\u00e9 Piste - Spa Open Pitlane","robots":{"index":"index","follow":"follow","max-snippet":"max-snippet:-1","max-image-preview":"max-image-preview:large","max-video-preview":"max-video-preview:-1"},"canonical":"https:\/\/www.spaopenpitlane.com\/en\/track-day\/","og_locale":"en_US","og_type":"article","og_title":"S\u00e9curit\u00e9 Piste - Spa Open Pitlane","og_description":"T\u00e9l\u00e9charger les Instructions S\u00e9curit\u00e9 Piste (7 pages) Incluant : les drapeaux &#8211; pit entry &amp; pit exit &#8211; plan de la piste En r\u00e9sum\u00e9 : Pour monter sur la piste, chaque pilote devra porter un casque. Bras et jambes doivent \u00eatre couverts. Un participant qui tomberait en panne sur le circuit doit attendre derri\u00e8re le [&hellip;]","og_url":"https:\/\/www.spaopenpitlane.com\/en\/track-day\/","og_site_name":"Spa Open Pitlane","article_modified_time":"2021-03-12T13:12:14+00:00","twitter_card":"summary_large_image","twitter_misc":{"Est. reading time":"1 minute"},"schema":{"@context":"https:\/\/schema.org","@graph":[{"@type":"WebPage","@id":"https:\/\/www.spaopenpitlane.com\/fr\/track-day\/","url":"https:\/\/www.spaopenpitlane.com\/fr\/track-day\/","name":"S\u00e9curit\u00e9 Piste - Spa Open Pitlane","isPartOf":{"@id":"https:\/\/www.spaopenpitlane.com\/#website"},"datePublished":"2018-01-29T16:07:58+00:00","dateModified":"2021-03-12T13:12:14+00:00","breadcrumb":{"@id":"https:\/\/www.spaopenpitlane.com\/fr\/track-day\/#breadcrumb"},"inLanguage":"en-US","potentialAction":[{"@type":"ReadAction","target":["https:\/\/www.spaopenpitlane.com\/fr\/track-day\/"]}]},{"@type":"BreadcrumbList","@id":"https:\/\/www.spaopenpitlane.com\/fr\/track-day\/#breadcrumb","itemListElement":[{"@type":"ListItem","position":1,"name":"Home","item":"https:\/\/www.spaopenpitlane.com\/"},{"@type":"ListItem","position":2,"name":"S\u00e9curit\u00e9 Piste"}]},{"@type":"WebSite","@id":"https:\/\/www.spaopenpitlane.com\/#website","url":"https:\/\/www.spaopenpitlane.com\/","name":"Spa Open Pitlane","description":"The Track is Yours","potentialAction":[{"@type":"SearchAction","target":{"@type":"EntryPoint","urlTemplate":"https:\/\/www.spaopenpitlane.com\/?s={search_term_string}"},"query-input":{"@type":"PropertyValueSpecification","valueRequired":true,"valueName":"search_term_string"}}],"inLanguage":"en-US"}]}},"_links":{"self":[{"href":"https:\/\/www.spaopenpitlane.com\/en\/wp-json\/wp\/v2\/pages\/321","targetHints":{"allow":["GET"]}}],"collection":[{"href":"https:\/\/www.spaopenpitlane.com\/en\/wp-json\/wp\/v2\/pages"}],"about":[{"href":"https:\/\/www.spaopenpitlane.com\/en\/wp-json\/wp\/v2\/types\/page"}],"author":[{"embeddable":true,"href":"https:\/\/www.spaopenpitlane.com\/en\/wp-json\/wp\/v2\/users\/1"}],"replies":[{"embeddable":true,"href":"https:\/\/www.spaopenpitlane.com\/en\/wp-json\/wp\/v2\/comments?post=321"}],"version-history":[{"count":56,"href":"https:\/\/www.spaopenpitlane.com\/en\/wp-json\/wp\/v2\/pages\/321\/revisions"}],"predecessor-version":[{"id":1240,"href":"https:\/\/www.spaopenpitlane.com\/en\/wp-json\/wp\/v2\/pages\/321\/revisions\/1240"}],"wp:attachment":[{"href":"https:\/\/www.spaopenpitlane.com\/en\/wp-json\/wp\/v2\/media?parent=321"}],"curies":[{"name":"wp","href":"https:\/\/api.w.org\/{rel}","templated":true}]}}